{"id":572,"date":"2016-01-06T09:39:15","date_gmt":"2016-01-06T06:39:15","guid":{"rendered":"http:\/\/smartyschool.stylemixthemes.com\/?page_id=572"},"modified":"2020-11-11T13:57:59","modified_gmt":"2020-11-11T10:57:59","slug":"yemek-listesi","status":"publish","type":"page","link":"http:\/\/gulizogretmen.com\/index.php\/yemek-listesi\/","title":{"rendered":"Yemek Listesi"},"content":{"rendered":"<p>[vc_row full_width=&#8221;stretch_row_content_no_spaces&#8221; equal_height=&#8221;yes&#8221; content_placement=&#8221;middle&#8221; css=&#8221;.vc_custom_1476715326705{margin-top: -7px !important;margin-bottom: 7px !important;padding-top: 0px !important;background-color: #fff9f2 !important;}&#8221;][vc_column width=&#8221;1\/2&#8243; css=&#8221;.vc_custom_1594118674180{margin-right: 60px !important;padding-top: 0px !important;background-image: url(http:\/\/gulizogretmen.com\/wp-content\/uploads\/2020\/07\/bebeklerde-ek-gecis.jpg?id=4875) !important;background-position: 0 0 !important;background-repeat: no-repeat !important;}&#8221; offset=&#8221;vc_col-lg-6 vc_col-md-6 vc_hidden-md vc_hidden-sm vc_hidden-xs&#8221;][stm_spacing lg_spacing=&#8221;500px&#8221;][\/vc_column][vc_column css=&#8221;.vc_custom_1594118741803{padding-top: 15px !important;padding-bottom: 25px !important;padding-left: 10px !important;}&#8221; offset=&#8221;vc_col-lg-6 vc_col-md-12&#8243; el_class=&#8221;max-width-540&#8243;][stm_title page_title_enable=&#8221;true&#8221; title_margin_b=&#8221;28px&#8221;][\/stm_title][vc_column_text css=&#8221;.vc_custom_1594118269917{margin-bottom: 32px !important;}&#8221;]<strong style=\"font-weight: 600;\"><span style=\"display: block; letter-spacing: -0.20px; font-size: 24px;\">Her T\u00fcrl\u00fc Sa\u011fl\u0131k Ve Hijyen Konusunda Gerekli \u00d6nlemlerimiz Al\u0131nm\u0131\u015ft\u0131r.<\/span><\/strong>[\/vc_column_text][vc_column_text css=&#8221;.vc_custom_1594118208429{margin-bottom: 28px !important;}&#8221;]<span style=\"display: block; line-height: 28px; font-size: 12pt;\"><strong style=\"font-weight: 600;\"><span style=\"display: block; letter-spacing: -0.2px;\">\u2018Organik beslenmek bir ayr\u0131cal\u0131k de\u011fil, bir ihtiya\u00e7t\u0131r.\u2019<\/span><\/strong><\/span>[\/vc_column_text][vc_column_text css=&#8221;.vc_custom_1594118223394{margin-bottom: 41px !important;}&#8221;]\u00d6zellikle \u00e7ocuklar i\u00e7in. \u00c7\u00fcnk\u00fc erken \u00e7ocukluk d\u00f6nemi hem zihinsel hem de fiziksel geli\u015fimin en h\u0131zl\u0131 oldu\u011fu d\u00f6nemdir. Bu d\u00f6nemde v\u00fccudumuza gi ren her besin bedenimizin yap\u0131 ta\u015f\u0131na d\u00f6n\u00fc\u015f\u00fcr. \u2018\u2018Ne yiyorsak, o\u2019yuz\u2019\u2019 s\u00f6ylemi \u00e7ocuklukta \u00e7ok daha derin bir anlam kazan\u0131r \u00c7\u00fcnk\u00fc bu d\u00f6nemde at\u0131lan sa\u011flam temeller ruhsal ve fiziksel sa\u011fl\u0131\u011f\u0131n g\u00fcvencesidir.G\u00fcliz \u00d6\u011fretmen Anaokulu \u00e7ocuklar\u0131 organik ve do\u011fal \u00fcr\u00fcnlerle beslenir. Okulumuzda t\u00fcketilen \u00fcr\u00fcnler Bornova Organik Pazardan\u00a0 ve Kurucumuzun bizzat ziyaret etti\u011fi \u00e7iftlik-\u00fcreticilerden haftal\u0131k olarak tedarik edilir. Mevsiminde beslenmeye \u00f6zen g\u00f6steririz. Men\u00fcm\u00fcz \u00e7ocuklar\u0131n g\u00fcnl\u00fck vitamin, mineral ve beslenme ihtiya\u00e7lar\u0131 g\u00f6zetilerek haz\u0131rlan\u0131r.<\/p>\n<p>\u00d6zel beslenme ihtiyac\u0131 olan (alerjik, \u00f6zel diyet gereksinimli\u2026)\u00a0 \u00e7ocuklar\u0131n bireysel beslenmeleri \u00f6zenle takip edilir.<\/p>\n<p><span style=\"display: block; line-height: 28px;\">\u00a0<\/span>[\/vc_column_text][\/vc_column][\/vc_row][vc_row full_width=&#8221;stretch_row&#8221; css=&#8221;.vc_custom_1594118804785{padding-top: 10px !important;padding-bottom: 52px !important;background-color: #ffffff !important;background-position: 0 0 !important;background-repeat: no-repeat !important;}&#8221;][vc_column][vc_single_image image=&#8221;5270&#8243; img_size=&#8221;full&#8221; alignment=&#8221;center&#8221; style=&#8221;vc_box_shadow_border&#8221; onclick=&#8221;zoom&#8221; title=&#8221;Kas\u0131m Yemek Listesi&#8221;][\/vc_column][\/vc_row]<\/p>\n","protected":false},"excerpt":{"rendered":"<p>[vc_row full_width=&#8221;stretch_row_content_no_spaces&#8221; equal_height=&#8221;yes&#8221; content_placement=&#8221;middle&#8221; css=&#8221;.vc_custom_1476715326705{margin-top: -7px !important;margin-bottom: 7px !important;padding-top: 0px !important;background-color: #fff9f2 !important;}&#8221;][vc_column width=&#8221;1\/2&#8243; css=&#8221;.vc_custom_1594118674180{margin-right: 60px !important;padding-top: 0px !important;background-image: url(http:\/\/gulizogretmen.com\/wp-content\/uploads\/2020\/07\/bebeklerde-ek-gecis.jpg?id=4875) !important;background-position: 0 0 !important;background-repeat: no-repeat !important;}&#8221; offset=&#8221;vc_col-lg-6 vc_col-md-6 vc_hidden-md vc_hidden-sm vc_hidden-xs&#8221;][stm_spacing lg_spacing=&#8221;500px&#8221;][\/vc_column][vc_column css=&#8221;.vc_custom_1594118741803{padding-top: 15px !important;padding-bottom: 25px !important;padding-left: 10px !important;}&#8221; offset=&#8221;vc_col-lg-6 vc_col-md-12&#8243; el_class=&#8221;max-width-540&#8243;][stm_title page_title_enable=&#8221;true&#8221; title_margin_b=&#8221;28px&#8221;][\/stm_title][vc_column_text css=&#8221;.vc_custom_1594118269917{margin-bottom: 32px !important;}&#8221;]Her T\u00fcrl\u00fc Sa\u011fl\u0131k Ve Hijyen Konusunda Gerekli \u00d6nlemlerimiz Al\u0131nm\u0131\u015ft\u0131r.[\/vc_column_text][vc_column_text [&hellip;]<\/p>\n","protected":false},"author":1,"featured_media":0,"parent":0,"menu_order":0,"comment_status":"closed","ping_status":"closed","template":"","meta":{"footnotes":""},"_links":{"self":[{"href":"http:\/\/gulizogretmen.com\/index.php\/wp-json\/wp\/v2\/pages\/572"}],"collection":[{"href":"http:\/\/gulizogretmen.com\/index.php\/wp-json\/wp\/v2\/pages"}],"about":[{"href":"http:\/\/gulizogretmen.com\/index.php\/wp-json\/wp\/v2\/types\/page"}],"author":[{"embeddable":true,"href":"http:\/\/gulizogretmen.com\/index.php\/wp-json\/wp\/v2\/users\/1"}],"replies":[{"embeddable":true,"href":"http:\/\/gulizogretmen.com\/index.php\/wp-json\/wp\/v2\/comments?post=572"}],"version-history":[{"count":36,"href":"http:\/\/gulizogretmen.com\/index.php\/wp-json\/wp\/v2\/pages\/572\/revisions"}],"predecessor-version":[{"id":5278,"href":"http:\/\/gulizogretmen.com\/index.php\/wp-json\/wp\/v2\/pages\/572\/revisions\/5278"}],"wp:attachment":[{"href":"http:\/\/gulizogretmen.com\/index.php\/wp-json\/wp\/v2\/media?parent=572"}],"curies":[{"name":"wp","href":"https:\/\/api.w.org\/{rel}","templated":true}]}}