{"id":5114,"date":"2020-07-13T08:34:35","date_gmt":"2020-07-13T05:34:35","guid":{"rendered":"http:\/\/gulizogretmen.com\/?page_id=5114"},"modified":"2020-07-13T11:02:18","modified_gmt":"2020-07-13T08:02:18","slug":"6-yas-ders-programi","status":"publish","type":"page","link":"http:\/\/gulizogretmen.com\/index.php\/6-yas-ders-programi\/","title":{"rendered":"6 Ya\u015f Ders Program\u0131"},"content":{"rendered":"<p>[vc_row][vc_column][stm_icon_box view_style=&#8221;style-4&#8243; icon_color=&#8221;custom&#8221; title_color=&#8221;custom&#8221; title=&#8221;6 Ya\u015f Ders Program\u0131 ve Ders Saatleri&#8221; icon_size=&#8221;70px&#8221; title_color_custom=&#8221;#56509f&#8221; title_font_size=&#8221;42px&#8221; title_line_height=&#8221;60px&#8221; icon_fontawesome=&#8221;stm-icon stm-icon-apple&#8221; icon_color_custom=&#8221;#bd66ff&#8221; top_indent=&#8221;10px&#8221; css=&#8221;.vc_custom_1594627337350{margin-bottom: 4px !important;}&#8221;][\/vc_column][\/vc_row][vc_row full_width=&#8221;stretch_row&#8221; css=&#8221;.vc_custom_1594619964594{background-color: #fff9f2 !important;}&#8221;][vc_column width=&#8221;1\/4&#8243; css=&#8221;.vc_custom_1594621999447{padding-top: 55px !important;}&#8221;][vc_column_text css=&#8221;.vc_custom_1594622307334{margin-bottom: 15px !important;border-top-width: 0px !important;}&#8221;]<\/p>\n<h4>Ders Saatleri<\/h4>\n<p>Serbest Zaman Etkinli\u011fi :10 Saat<br \/>\nT\u00fcrk\u00e7e Dil Etkinlikleri :5 Saat<br \/>\nOyun Etkinli\u011fi :5 Saat<br \/>\nSatran\u00e7 :1 Saat<br \/>\n\u0130ngilizce :2 Saat<br \/>\nNat\u0131ve :2 Saat<br \/>\nSanat Etkinli\u011fi :5 Saat<br \/>\nMatematik Oyunlar\u0131 :2 Saat<br \/>\nErken Stem E\u011fitimi :2 Saat<br \/>\nBeceri Koordinasyonu :1 Saat<br \/>\nE\u011flenceli Bilim :2 Saat<br \/>\nBeden E\u011fitimi :2 Saat<br \/>\nDrama :2 Saat<br \/>\nBah\u00e7e Etkinlikleri :2 Saat<br \/>\nJimnastik :1 Saat<br \/>\nYarat\u0131cl\u0131k At\u00f6lyesi :2 Saat<br \/>\nKitap \u00c7al\u0131\u015fmas\u0131 :3 Saat<br \/>\nKavram \u00c7al\u0131\u015fmas\u0131 :3 Saat<br \/>\nM\u00fczik Etkinli\u011fi :5 Saat<br \/>\nRitmik Dans :2 Saat<br \/>\nFen Ve Do\u011fa Etkinli\u011fi :2 Saat<br \/>\n\u0130lkokula Haz\u0131rl\u0131k :3 Saat[\/vc_column_text][\/vc_column][vc_column width=&#8221;3\/4&#8243; css=&#8221;.vc_custom_1594619271601{padding-top: 57px !important;padding-left: 50px !important;}&#8221;][vc_column_text css=&#8221;.vc_custom_1594619887192{margin-bottom: 15px !important;}&#8221;]<\/p>\n<h4>Ders Program\u0131<\/h4>\n<p>[\/vc_column_text][stm_single_image img_responsive_enable=&#8221;true&#8221; img_id=&#8221;5152&#8243;][\/vc_column][\/vc_row]<\/p>\n","protected":false},"excerpt":{"rendered":"<p>[vc_row][vc_column][stm_icon_box view_style=&#8221;style-4&#8243; icon_color=&#8221;custom&#8221; title_color=&#8221;custom&#8221; title=&#8221;6 Ya\u015f Ders Program\u0131 ve Ders Saatleri&#8221; icon_size=&#8221;70px&#8221; title_color_custom=&#8221;#56509f&#8221; title_font_size=&#8221;42px&#8221; title_line_height=&#8221;60px&#8221; icon_fontawesome=&#8221;stm-icon stm-icon-apple&#8221; icon_color_custom=&#8221;#bd66ff&#8221; top_indent=&#8221;10px&#8221; css=&#8221;.vc_custom_1594627337350{margin-bottom: 4px !important;}&#8221;][\/vc_column][\/vc_row][vc_row full_width=&#8221;stretch_row&#8221; css=&#8221;.vc_custom_1594619964594{background-color: #fff9f2 !important;}&#8221;][vc_column width=&#8221;1\/4&#8243; css=&#8221;.vc_custom_1594621999447{padding-top: 55px !important;}&#8221;][vc_column_text css=&#8221;.vc_custom_1594622307334{margin-bottom: 15px !important;border-top-width: 0px !important;}&#8221;] Ders Saatleri Serbest Zaman Etkinli\u011fi :10 Saat T\u00fcrk\u00e7e Dil Etkinlikleri :5 Saat Oyun Etkinli\u011fi :5 Saat Satran\u00e7 :1 Saat \u0130ngilizce [&hellip;]<\/p>\n","protected":false},"author":1,"featured_media":0,"parent":0,"menu_order":0,"comment_status":"closed","ping_status":"closed","template":"","meta":{"footnotes":""},"_links":{"self":[{"href":"http:\/\/gulizogretmen.com\/index.php\/wp-json\/wp\/v2\/pages\/5114"}],"collection":[{"href":"http:\/\/gulizogretmen.com\/index.php\/wp-json\/wp\/v2\/pages"}],"about":[{"href":"http:\/\/gulizogretmen.com\/index.php\/wp-json\/wp\/v2\/types\/page"}],"author":[{"embeddable":true,"href":"http:\/\/gulizogretmen.com\/index.php\/wp-json\/wp\/v2\/users\/1"}],"replies":[{"embeddable":true,"href":"http:\/\/gulizogretmen.com\/index.php\/wp-json\/wp\/v2\/comments?post=5114"}],"version-history":[{"count":32,"href":"http:\/\/gulizogretmen.com\/index.php\/wp-json\/wp\/v2\/pages\/5114\/revisions"}],"predecessor-version":[{"id":5195,"href":"http:\/\/gulizogretmen.com\/index.php\/wp-json\/wp\/v2\/pages\/5114\/revisions\/5195"}],"wp:attachment":[{"href":"http:\/\/gulizogretmen.com\/index.php\/wp-json\/wp\/v2\/media?parent=5114"}],"curies":[{"name":"wp","href":"https:\/\/api.w.org\/{rel}","templated":true}]}}