{"id":4330,"date":"2016-10-03T07:47:16","date_gmt":"2016-10-03T04:47:16","guid":{"rendered":"http:\/\/smartyschool.stylemixthemes.com\/?page_id=4330"},"modified":"2020-11-11T14:12:51","modified_gmt":"2020-11-11T11:12:51","slug":"bultenler","status":"publish","type":"page","link":"http:\/\/gulizogretmen.com\/index.php\/bultenler\/","title":{"rendered":"B\u00fcltenler"},"content":{"rendered":"<p>[vc_row full_width=&#8221;stretch_row&#8221; css=&#8221;.vc_custom_1594392332060{padding-top: 50px !important;padding-bottom: 50px !important;background-color: #fff9f2 !important;}&#8221;][vc_column width=&#8221;1\/2&#8243; css=&#8221;.vc_custom_1475476444267{padding-top: 30px !important;}&#8221;][stm_icon_box view_style=&#8221;style-4&#8243; icon_color=&#8221;yellow&#8221; title_color=&#8221;custom&#8221; descr_color=&#8221;custom&#8221; title=&#8221;3-4 Ya\u015f Ders Program\u0131&#8221; descr_color_custom=&#8221;#595959&#8243; title_color_custom=&#8221;#ff6682&#8243; top_indent=&#8221;7px&#8221; icon_fontawesome=&#8221;stm-icon stm-icon-bear&#8221; icon_size=&#8221;50px&#8221; descr_margin_t=&#8221;18px&#8221; descr=&#8221;3-4 Ya\u015f grubu i\u00e7in haftal\u0131k ders planlamam\u0131z\u0131 i\u00e7eride detayl\u0131 inceleyebilirsiniz.&#8221; title_link=&#8221;url:http%3A%2F%2Fgulizogretmen.com%2Findex.php%2F3-4-yas-ders-programi%2F|title:3-4%20Ya%C5%9F%20Ders%20Program%C4%B1||&#8221;][stm_icon_box view_style=&#8221;style-4&#8243; icon_color=&#8221;custom&#8221; title_color=&#8221;custom&#8221; descr_color=&#8221;custom&#8221; title=&#8221;6 Ya\u015f Ders Program\u0131&#8221; descr_color_custom=&#8221;#595959&#8243; icon_color_custom=&#8221;#95cc47&#8243; title_color_custom=&#8221;#95cc47&#8243; icon_fontawesome=&#8221;stm-icon stm-icon-apple&#8221; icon_size=&#8221;63px&#8221; descr_margin_t=&#8221;18px&#8221; descr=&#8221;6 Ya\u015f grubu i\u00e7in haftal\u0131k ders planlamam\u0131z\u0131 i\u00e7eride detayl\u0131 inceleyebilirsiniz.&#8221; title_link=&#8221;url:http%3A%2F%2Fgulizogretmen.com%2Findex.php%2F6-yas-ders-programi%2F|title:6%20Ya%C5%9F%20Ders%20Program%C4%B1||&#8221;][\/vc_column][vc_column width=&#8221;1\/2&#8243;][stm_icon_box view_style=&#8221;style-4&#8243; icon_color=&#8221;custom&#8221; title_color=&#8221;custom&#8221; descr_color=&#8221;custom&#8221; title=&#8221;5 Ya\u015f Ders Program\u0131&#8221; descr_color_custom=&#8221;#595959&#8243; icon_color_custom=&#8221;#ffaf40&#8243; title_color_custom=&#8221;#ffaf40&#8243; icon_fontawesome=&#8221;stm-icon stm-icon-bricks2&#8243; icon_size=&#8221;65px&#8221; descr_margin_t=&#8221;18px&#8221; descr=&#8221;5 Ya\u015f grubu i\u00e7in haftal\u0131k ders planlamam\u0131z\u0131 i\u00e7eride detayl\u0131 inceleyebilirsiniz.&#8221; title_link=&#8221;url:http%3A%2F%2Fgulizogretmen.com%2Findex.php%2F5-yas-ders-programi%2F|title:5%20Ya%C5%9F%20Ders%20Program%C4%B1||&#8221;][stm_icon_box view_style=&#8221;style-4&#8243; icon_color=&#8221;custom&#8221; title_color=&#8221;custom&#8221; descr_color=&#8221;custom&#8221; title=&#8221;Haftal\u0131k Etkinlik Saatleri&#8221; descr_color_custom=&#8221;#595959&#8243; icon_color_custom=&#8221;#52adea&#8221; title_color_custom=&#8221;#95cc47&#8243; icon_fontawesome=&#8221;stm-icon stm-icon-alarm&#8221; icon_size=&#8221;63px&#8221; descr_margin_t=&#8221;18px&#8221; title_link=&#8221;url:http%3A%2F%2Fgulizogretmen.com%2Findex.php%2Fhaftalik-etkinlik-saatleri%2F|title:6%20Ya%C5%9F%20Ders%20Program%C4%B1||&#8221; descr=&#8221;Ya\u015f Gruplar\u0131na Y\u00f6nelik Haftal\u0131k Etkinlik Saatleri&#8221;][\/vc_column][\/vc_row][vc_row full_width=&#8221;stretch_row_content_no_spaces&#8221;][vc_column css=&#8221;.vc_custom_1475480126915{padding-top: 0px !important;}&#8221;][stm_gallery][\/vc_column][\/vc_row]<\/p>\n","protected":false},"excerpt":{"rendered":"<p>[vc_row full_width=&#8221;stretch_row&#8221; css=&#8221;.vc_custom_1594392332060{padding-top: 50px !important;padding-bottom: 50px !important;background-color: #fff9f2 !important;}&#8221;][vc_column width=&#8221;1\/2&#8243; css=&#8221;.vc_custom_1475476444267{padding-top: 30px !important;}&#8221;][stm_icon_box view_style=&#8221;style-4&#8243; icon_color=&#8221;yellow&#8221; title_color=&#8221;custom&#8221; descr_color=&#8221;custom&#8221; title=&#8221;3-4 Ya\u015f Ders Program\u0131&#8221; descr_color_custom=&#8221;#595959&#8243; title_color_custom=&#8221;#ff6682&#8243; top_indent=&#8221;7px&#8221; icon_fontawesome=&#8221;stm-icon stm-icon-bear&#8221; icon_size=&#8221;50px&#8221; descr_margin_t=&#8221;18px&#8221; descr=&#8221;3-4 Ya\u015f grubu i\u00e7in haftal\u0131k ders planlamam\u0131z\u0131 i\u00e7eride detayl\u0131 inceleyebilirsiniz.&#8221; title_link=&#8221;url:http%3A%2F%2Fgulizogretmen.com%2Findex.php%2F3-4-yas-ders-programi%2F|title:3-4%20Ya%C5%9F%20Ders%20Program%C4%B1||&#8221;][stm_icon_box view_style=&#8221;style-4&#8243; icon_color=&#8221;custom&#8221; title_color=&#8221;custom&#8221; descr_color=&#8221;custom&#8221; title=&#8221;6 Ya\u015f Ders Program\u0131&#8221; descr_color_custom=&#8221;#595959&#8243; icon_color_custom=&#8221;#95cc47&#8243; title_color_custom=&#8221;#95cc47&#8243; icon_fontawesome=&#8221;stm-icon stm-icon-apple&#8221; icon_size=&#8221;63px&#8221; descr_margin_t=&#8221;18px&#8221; descr=&#8221;6 [&hellip;]<\/p>\n","protected":false},"author":1,"featured_media":0,"parent":0,"menu_order":0,"comment_status":"closed","ping_status":"closed","template":"","meta":{"footnotes":""},"_links":{"self":[{"href":"http:\/\/gulizogretmen.com\/index.php\/wp-json\/wp\/v2\/pages\/4330"}],"collection":[{"href":"http:\/\/gulizogretmen.com\/index.php\/wp-json\/wp\/v2\/pages"}],"about":[{"href":"http:\/\/gulizogretmen.com\/index.php\/wp-json\/wp\/v2\/types\/page"}],"author":[{"embeddable":true,"href":"http:\/\/gulizogretmen.com\/index.php\/wp-json\/wp\/v2\/users\/1"}],"replies":[{"embeddable":true,"href":"http:\/\/gulizogretmen.com\/index.php\/wp-json\/wp\/v2\/comments?post=4330"}],"version-history":[{"count":29,"href":"http:\/\/gulizogretmen.com\/index.php\/wp-json\/wp\/v2\/pages\/4330\/revisions"}],"predecessor-version":[{"id":5283,"href":"http:\/\/gulizogretmen.com\/index.php\/wp-json\/wp\/v2\/pages\/4330\/revisions\/5283"}],"wp:attachment":[{"href":"http:\/\/gulizogretmen.com\/index.php\/wp-json\/wp\/v2\/media?parent=4330"}],"curies":[{"name":"wp","href":"https:\/\/api.w.org\/{rel}","templated":true}]}}