{"id":21,"date":"2015-11-25T07:32:54","date_gmt":"2015-11-25T04:32:54","guid":{"rendered":"http:\/\/smartyschool.stylemixthemes.com\/?page_id=21"},"modified":"2023-06-08T00:24:39","modified_gmt":"2023-06-07T21:24:39","slug":"hakkimizda","status":"publish","type":"page","link":"http:\/\/gulizogretmen.com\/index.php\/hakkimizda\/","title":{"rendered":"Hakk\u0131m\u0131zda"},"content":{"rendered":"<p>[vc_row full_width=&#8221;stretch_row&#8221; css=&#8221;.vc_custom_1475151838273{margin-top: -7px !important;padding-top: 35px !important;padding-bottom: 50px !important;background-color: #fff9f2 !important;}&#8221;][vc_column width=&#8221;1\/2&#8243;][stm_title title=&#8221;Vizyonumuz&#8221; title_margin_b=&#8221;26px&#8221;][\/stm_title][vc_column_text]Okul \u00f6ncesi e\u011fitim alan\u0131n\u0131n\u00a0 hedef ve ama\u00e7lar\u0131 do\u011frultusunda okul \u00f6ncesi d\u00f6nem \u00e7ocuklar\u0131n geli\u015fim d\u00fczeyleri, ilgi alanlar\u0131 ve ihtiya\u00e7lar\u0131 dikkate al\u0131narak, sanatsal ve k\u00fclt\u00fcrel etkinliklere \u00f6nem veren, yarat\u0131c\u0131l\u0131\u011f\u0131 destekleyen, \u00e7ocuk haklar\u0131n\u0131 koruyan ve aile kat\u0131l\u0131m\u0131na verdi\u011fi \u00f6nem do\u011frultusunda \u00e7ocuklar\u0131 yeti\u015ftirmeyi s\u00fcrd\u00fcrmek,<\/p>\n<p>\u00c7ocuklar, \u00f6\u011fretmenler\u00a0 ve ailelerle ilgili \u00f6zg\u00fcn proje, ara\u015ft\u0131rma, aile e\u011fitimi ve kat\u0131l\u0131m\u0131 \u00e7al\u0131\u015fmalar\u0131 ger\u00e7ekle\u015ftirmek,<\/p>\n<p>\u00c7ocuklar\u0131n geli\u015fim \u00f6zellikleri dikkate al\u0131narak bilim ile i\u00e7 i\u00e7e olmalar\u0131n\u0131 sa\u011flay\u0131c\u0131 multi-disipliner programlar olu\u015fturmak,<\/p>\n<p>Okul \u00d6ncesi E\u011fitimi\u00a0 \u00f6\u011frencilerine \u00f6rnek uygulamalar sergileyerek model uygulamalar sunan bir uygulama alan\u0131 olu\u015fturmakt\u0131r.[\/vc_column_text][\/vc_column][vc_column width=&#8221;1\/2&#8243; css=&#8221;.vc_custom_1475215424413{padding-top: 65px !important;padding-left: 55px !important;}&#8221; offset=&#8221;vc_hidden-xs&#8221;][stm_slider buttons_on_slider=&#8221;true&#8221;][stm_slider_item img_id=&#8221;4855&#8243; img_size=&#8221;500&#215;376&#8243;][stm_slider_item img_id=&#8221;4856&#8243; img_size=&#8221;500&#215;376&#8243;][\/stm_slider][\/vc_column][\/vc_row][vc_row full_width=&#8221;stretch_row&#8221; css=&#8221;.vc_custom_1475151838273{margin-top: -7px !important;padding-top: 35px !important;padding-bottom: 50px !important;background-color: #fff9f2 !important;}&#8221;][vc_column width=&#8221;1\/2&#8243;][stm_title title=&#8221;Misyonumuz&#8221; title_margin_b=&#8221;26px&#8221;][\/stm_title][vc_column_text]Gelece\u011fin d\u00fcnyas\u0131na y\u00f6n veren insanlar, bug\u00fcn\u00fcn \u00e7ocuklar\u0131 olacakt\u0131r. Bu noktadan hareketle e\u011fitim liderlerinin en \u00f6nemli g\u00f6revi yery\u00fcz\u00fc miras\u00e7\u0131lar\u0131n\u0131 nitelikli insanlar olarak yeti\u015ftirmektir. Okulumuzda e\u011fitim faaliyetleri etkinlik temelli yap\u0131land\u0131r\u0131lm\u0131\u015f olup, bili\u015fsel aktivitelerin yan\u0131nda moral geli\u015fimi sa\u011flay\u0131c\u0131 aktiviteler de bulunmaktad\u0131r.<\/p>\n<p>&nbsp;<\/p>\n<p>Bu vesile ile hedefimiz; Sosyal becerileri geli\u015fmi\u015f, \u00f6zg\u00fcvenli, varl\u0131\u011fa kar\u015f\u0131 sevgiyle alaka duyan, dil becerisi ve ifade zenginli\u011fi kazanm\u0131\u015f, \u00f6zdenetimli, \u00e7evre duyarl\u0131l\u0131\u011f\u0131na sahip, milli-manevi de\u011ferlerine ba\u011fl\u0131 ve bunlar\u0131n yan\u0131s\u0131ra akademik ba\u015far\u0131s\u0131 y\u00fcksek bireyler yeti\u015ftirmektir.[\/vc_column_text][\/vc_column][vc_column width=&#8221;1\/2&#8243; css=&#8221;.vc_custom_1475215424413{padding-top: 65px !important;padding-left: 55px !important;}&#8221; offset=&#8221;vc_hidden-xs&#8221;][stm_slider buttons_on_slider=&#8221;true&#8221;][stm_slider_item img_id=&#8221;4857&#8243; img_size=&#8221;500&#215;376&#8243;][stm_slider_item img_id=&#8221;4854&#8243; img_size=&#8221;500&#215;376&#8243;][\/stm_slider][\/vc_column][\/vc_row]<\/p>\n","protected":false},"excerpt":{"rendered":"<p>[vc_row full_width=&#8221;stretch_row&#8221; css=&#8221;.vc_custom_1475151838273{margin-top: -7px !important;padding-top: 35px !important;padding-bottom: 50px !important;background-color: #fff9f2 !important;}&#8221;][vc_column width=&#8221;1\/2&#8243;][stm_title title=&#8221;Vizyonumuz&#8221; title_margin_b=&#8221;26px&#8221;][\/stm_title][vc_column_text]Okul \u00f6ncesi e\u011fitim alan\u0131n\u0131n\u00a0 hedef ve ama\u00e7lar\u0131 do\u011frultusunda okul \u00f6ncesi d\u00f6nem \u00e7ocuklar\u0131n geli\u015fim d\u00fczeyleri, ilgi alanlar\u0131 ve ihtiya\u00e7lar\u0131 dikkate al\u0131narak, sanatsal ve k\u00fclt\u00fcrel etkinliklere \u00f6nem veren, yarat\u0131c\u0131l\u0131\u011f\u0131 destekleyen, \u00e7ocuk haklar\u0131n\u0131 koruyan ve aile kat\u0131l\u0131m\u0131na verdi\u011fi \u00f6nem do\u011frultusunda \u00e7ocuklar\u0131 yeti\u015ftirmeyi s\u00fcrd\u00fcrmek, \u00c7ocuklar, \u00f6\u011fretmenler\u00a0 [&hellip;]<\/p>\n","protected":false},"author":1,"featured_media":0,"parent":0,"menu_order":0,"comment_status":"closed","ping_status":"closed","template":"","meta":{"footnotes":""},"_links":{"self":[{"href":"http:\/\/gulizogretmen.com\/index.php\/wp-json\/wp\/v2\/pages\/21"}],"collection":[{"href":"http:\/\/gulizogretmen.com\/index.php\/wp-json\/wp\/v2\/pages"}],"about":[{"href":"http:\/\/gulizogretmen.com\/index.php\/wp-json\/wp\/v2\/types\/page"}],"author":[{"embeddable":true,"href":"http:\/\/gulizogretmen.com\/index.php\/wp-json\/wp\/v2\/users\/1"}],"replies":[{"embeddable":true,"href":"http:\/\/gulizogretmen.com\/index.php\/wp-json\/wp\/v2\/comments?post=21"}],"version-history":[{"count":8,"href":"http:\/\/gulizogretmen.com\/index.php\/wp-json\/wp\/v2\/pages\/21\/revisions"}],"predecessor-version":[{"id":5294,"href":"http:\/\/gulizogretmen.com\/index.php\/wp-json\/wp\/v2\/pages\/21\/revisions\/5294"}],"wp:attachment":[{"href":"http:\/\/gulizogretmen.com\/index.php\/wp-json\/wp\/v2\/media?parent=21"}],"curies":[{"name":"wp","href":"https:\/\/api.w.org\/{rel}","templated":true}]}}