{"id":19,"date":"2015-11-25T07:32:41","date_gmt":"2015-11-25T04:32:41","guid":{"rendered":"http:\/\/smartyschool.stylemixthemes.com\/?page_id=19"},"modified":"2021-07-07T11:19:00","modified_gmt":"2021-07-07T08:19:00","slug":"ana-sayfa","status":"publish","type":"page","link":"http:\/\/gulizogretmen.com\/","title":{"rendered":"Ana Sayfa"},"content":{"rendered":"<p>[vc_row css=&#8221;.vc_custom_1474549215091{margin-bottom: 81px !important;}&#8221;][vc_column][rev_slider_vc alias=&#8221;home&#8221;][\/vc_column][\/vc_row][vc_row css=&#8221;.vc_custom_1475589360749{margin-bottom: 70px !important;}&#8221;][vc_column][stm_title title_align=&#8221;center&#8221; title=&#8221;Aktivitelerimiz&#8221; title_margin_b=&#8221;31px&#8221;][\/stm_title][vc_row_inner][vc_column_inner width=&#8221;1\/2&#8243; offset=&#8221;vc_col-lg-3 vc_col-md-6 vc_col-xs-12&#8243; css=&#8221;.vc_custom_1475589305430{margin-bottom: 30px !important;}&#8221;][stm_action_box text_alignment=&#8221;center&#8221; cta_bg_color=&#8221;custom&#8221; cta_text_color=&#8221;yellow&#8221; img_id=&#8221;5265&#8243; title=&#8221;Sanatsal \u00c7al\u0131\u015fmalar\u0131m\u0131z&#8221; action_box_link=&#8221;|||&#8221; content_color_custom=&#8221;#dd9933&#8243; content_bg_color_custom=&#8221;#95cc47&#8243; css=&#8221;.vc_custom_1605092807209{padding-top: 0px !important;padding-right: 0px !important;padding-bottom: 0px !important;padding-left: 0px !important;}&#8221;]Prissy expectant involuntarily limpet until cobra less dear so overabundant contagio[\/stm_action_box][\/vc_column_inner][vc_column_inner width=&#8221;1\/2&#8243; offset=&#8221;vc_col-lg-3 vc_col-md-6 vc_col-xs-12&#8243; css=&#8221;.vc_custom_1475589313158{margin-bottom: 30px !important;}&#8221;][stm_action_box text_alignment=&#8221;center&#8221; cta_bg_color=&#8221;custom&#8221; cta_text_color=&#8221;yellow&#8221; img_id=&#8221;5264&#8243; title=&#8221;G\u00fcvenli Hizmet&#8221; action_box_link=&#8221;|||&#8221; content_color_custom=&#8221;#dd9933&#8243; content_bg_color_custom=&#8221;#bd66ff&#8221;]Prissy expectant involuntarily limpet until cobra less dear so overabundant contagio[\/stm_action_box][\/vc_column_inner][vc_column_inner width=&#8221;1\/2&#8243; offset=&#8221;vc_col-lg-3 vc_col-md-6 vc_col-xs-12&#8243; css=&#8221;.vc_custom_1475589322878{margin-bottom: 30px !important;}&#8221;][stm_action_box text_alignment=&#8221;center&#8221; cta_bg_color=&#8221;custom&#8221; cta_text_color=&#8221;yellow&#8221; img_id=&#8221;5263&#8243; title=&#8221;Sa\u011fl\u0131kl\u0131 Ya\u015fam&#8221; action_box_link=&#8221;|||&#8221; content_color_custom=&#8221;#dd9933&#8243; content_bg_color_custom=&#8221;#ffaf40&#8243;]Prissy expectant involuntarily limpet until cobra less dear so overabundant contagio[\/stm_action_box][\/vc_column_inner][vc_column_inner width=&#8221;1\/2&#8243; offset=&#8221;vc_col-lg-3 vc_col-md-6 vc_col-xs-12&#8243; css=&#8221;.vc_custom_1475589328742{margin-bottom: 30px !important;}&#8221;][stm_action_box text_alignment=&#8221;center&#8221; cta_bg_color=&#8221;custom&#8221; cta_text_color=&#8221;yellow&#8221; img_id=&#8221;5262&#8243; title=&#8221;E\u011flenceli E\u011fitim&#8221; action_box_link=&#8221;|||&#8221; content_color_custom=&#8221;#dd9933&#8243; content_bg_color_custom=&#8221;#ff6666&#8243;]Prissy expectant involuntarily limpet until cobra less dear so overabundant contagio[\/stm_action_box][\/vc_column_inner][\/vc_row_inner][\/vc_column][\/vc_row][vc_row full_width=&#8221;stretch_row_content_no_spaces&#8221; css=&#8221;.vc_custom_1476702747323{margin-bottom: 46px !important;padding-top: 0px !important;background-color: #fff9f2 !important;}&#8221;][vc_column width=&#8221;1\/3&#8243; css=&#8221;.vc_custom_1594626563772{margin-left: -44px !important;padding-top: 0px !important;padding-bottom: 0px !important;background: #dd9933 url(http:\/\/gulizogretmen.com\/wp-content\/uploads\/2020\/07\/6651.jpg?id=5185) !important;background-position: center !important;background-repeat: no-repeat !important;background-size: cover !important;}&#8221; offset=&#8221;vc_col-lg-5 vc_hidden-md vc_hidden-sm vc_hidden-xs&#8221;][stm_spacing lg_spacing=&#8221;640px&#8221;][\/vc_column][vc_column css=&#8221;.vc_custom_1476702770014{padding-top: 70px !important;padding-bottom: 50px !important;padding-left: 16px !important;}&#8221; offset=&#8221;vc_col-lg-7 vc_col-md-12 vc_col-xs-12&#8243; el_class=&#8221;max-width-720&#8243;][stm_title title=&#8221;Ders Programlar\u0131m\u0131z&#8221; title_margin_b=&#8221;36px&#8221;][\/stm_title][vc_row_inner css=&#8221;.vc_custom_1594626727543{padding-top: 20px !important;}&#8221;][vc_column_inner width=&#8221;1\/2&#8243; css=&#8221;.vc_custom_1474552895715{margin-bottom: 7px !important;padding-right: 0px !important;}&#8221;][stm_icon_box view_style=&#8221;style-4&#8243; icon_color=&#8221;yellow&#8221; title=&#8221;3-4 Ya\u015f Ders Program\u0131&#8221; descr=&#8221;3-4 Ya\u015f grubu i\u00e7in haftal\u0131k ders planlamam\u0131z\u0131 i\u00e7eride detayl\u0131 inceleyebilirsiniz.&#8221; icon_size=&#8221;70px&#8221; title_link=&#8221;url:http%3A%2F%2Fgulizogretmen.com%2Findex.php%2F3-4-yas-ders-programi%2F|title:3-4%20Ya%C5%9F%20Ders%20Program%C4%B1||&#8221; icon_fontawesome=&#8221;stm-icon stm-icon-bear&#8221; top_indent=&#8221;-5px&#8221;][\/vc_column_inner][vc_column_inner width=&#8221;1\/2&#8243; css=&#8221;.vc_custom_1474552901664{margin-bottom: 7px !important;padding-left: 0px !important;}&#8221;][stm_icon_box view_style=&#8221;style-4&#8243; icon_color=&#8221;custom&#8221; title=&#8221;5 Ya\u015f Ders Program\u0131&#8221; descr=&#8221;5 Ya\u015f grubu i\u00e7in haftal\u0131k ders planlamam\u0131z\u0131 i\u00e7eride detayl\u0131 inceleyebilirsiniz.&#8221; icon_size=&#8221;65px&#8221; icon_color_custom=&#8221;#62abf5&#8243; title_link=&#8221;url:http%3A%2F%2Fgulizogretmen.com%2Findex.php%2F5-yas-ders-programi%2F|title:5%20Ya%C5%9F%20Ders%20Program%C4%B1||&#8221; icon_fontawesome=&#8221;stm-icon stm-icon-bricks2&#8243;][\/vc_column_inner][\/vc_row_inner][vc_row_inner css=&#8221;.vc_custom_1594626732369{padding-top: 20px !important;}&#8221;][vc_column_inner width=&#8221;1\/2&#8243; css=&#8221;.vc_custom_1474552934057{margin-bottom: 7px !important;padding-left: 0px !important;}&#8221;][stm_icon_box view_style=&#8221;style-4&#8243; icon_color=&#8221;custom&#8221; title=&#8221;6 Ya\u015f Ders Program\u0131&#8221; descr=&#8221;6 Ya\u015f grubu i\u00e7in haftal\u0131k ders planlamam\u0131z\u0131 i\u00e7eride detayl\u0131 inceleyebilirsiniz.&#8221; icon_size=&#8221;63px&#8221; icon_color_custom=&#8221;#95cc47&#8243; title_link=&#8221;url:http%3A%2F%2Fgulizogretmen.com%2Findex.php%2F6-yas-ders-programi%2F|title:6%20Ya%C5%9F%20Ders%20Program%C4%B1||&#8221; icon_fontawesome=&#8221;stm-icon stm-icon-apple&#8221; top_indent=&#8221;-3px&#8221;][\/vc_column_inner][vc_column_inner width=&#8221;1\/2&#8243;][stm_icon_box view_style=&#8221;style-4&#8243; icon_color=&#8221;custom&#8221; title=&#8221;Haftal\u0131k Etkinlik Saatleri&#8221; descr=&#8221;Ya\u015f Gruplar\u0131na Y\u00f6nelik Haftal\u0131k Etkinlik Saatleri&#8221; icon_size=&#8221;63px&#8221; icon_color_custom=&#8221;#95cc47&#8243; title_link=&#8221;url:http%3A%2F%2Fgulizogretmen.com%2Findex.php%2Fhaftalik-etkinlik-saatleri%2F|title:Haftal%C4%B1k%20Etkinlik%20Saatleri||&#8221; icon_fontawesome=&#8221;stm-icon stm-icon-alarm&#8221; top_indent=&#8221;-3px&#8221;][\/vc_column_inner][\/vc_row_inner][\/vc_column][\/vc_row][vc_row css=&#8221;.vc_custom_1474623624998{padding-top: 47px !important;padding-bottom: 70px !important;}&#8221;][vc_column][stm_title title_align=&#8221;center&#8221; title_color=&#8221;custom&#8221; title=&#8221;Bizden Haberler&#8221; title_margin_b=&#8221;41px&#8221; title_color_custom=&#8221;#dd3333&#8243;][\/stm_title][stm_posts view=&#8221;grid&#8221; posts_category=&#8221;0&#8243; posts_count=&#8221;3&#8243;][\/vc_column][\/vc_row][vc_row full_width=&#8221;stretch_row&#8221; css=&#8221;.vc_custom_1474621966648{padding-top: 0px !important;background-color: #bd66ff !important;}&#8221;][vc_column css=&#8221;.vc_custom_1474622784867{padding-top: 2px !important;}&#8221;][stm_call_to_action btn_link=&#8221;url:%23|title:Learn%20more||&#8221;]<\/p>\n<h2 style=\"font-weight: 400;\"><span style=\"color: #ffffff;\"><span style=\"color: #ffdd00;\">\u0130LET\u0130\u015e\u0130M<\/span><span style=\"color: #ffffff;\"> i\u00e7in l\u00fctfen t\u0131klay\u0131n<\/span><\/span><\/h2>\n<p>[\/stm_call_to_action][\/vc_column][\/vc_row]<\/p>\n","protected":false},"excerpt":{"rendered":"<p>[vc_row css=&#8221;.vc_custom_1474549215091{margin-bottom: 81px !important;}&#8221;][vc_column][rev_slider_vc alias=&#8221;home&#8221;][\/vc_column][\/vc_row][vc_row css=&#8221;.vc_custom_1475589360749{margin-bottom: 70px !important;}&#8221;][vc_column][stm_title title_align=&#8221;center&#8221; title=&#8221;Aktivitelerimiz&#8221; title_margin_b=&#8221;31px&#8221;][\/stm_title][vc_row_inner][vc_column_inner width=&#8221;1\/2&#8243; offset=&#8221;vc_col-lg-3 vc_col-md-6 vc_col-xs-12&#8243; css=&#8221;.vc_custom_1475589305430{margin-bottom: 30px !important;}&#8221;][stm_action_box text_alignment=&#8221;center&#8221; cta_bg_color=&#8221;custom&#8221; cta_text_color=&#8221;yellow&#8221; img_id=&#8221;5265&#8243; title=&#8221;Sanatsal \u00c7al\u0131\u015fmalar\u0131m\u0131z&#8221; action_box_link=&#8221;|||&#8221; content_color_custom=&#8221;#dd9933&#8243; content_bg_color_custom=&#8221;#95cc47&#8243; css=&#8221;.vc_custom_1605092807209{padding-top: 0px !important;padding-right: 0px !important;padding-bottom: 0px !important;padding-left: 0px !important;}&#8221;]Prissy expectant involuntarily limpet until cobra less dear so overabundant contagio[\/stm_action_box][\/vc_column_inner][vc_column_inner width=&#8221;1\/2&#8243; offset=&#8221;vc_col-lg-3 vc_col-md-6 vc_col-xs-12&#8243; css=&#8221;.vc_custom_1475589313158{margin-bottom: 30px !important;}&#8221;][stm_action_box text_alignment=&#8221;center&#8221; cta_bg_color=&#8221;custom&#8221; [&hellip;]<\/p>\n","protected":false},"author":1,"featured_media":0,"parent":0,"menu_order":0,"comment_status":"closed","ping_status":"closed","template":"","meta":{"footnotes":""},"_links":{"self":[{"href":"http:\/\/gulizogretmen.com\/index.php\/wp-json\/wp\/v2\/pages\/19"}],"collection":[{"href":"http:\/\/gulizogretmen.com\/index.php\/wp-json\/wp\/v2\/pages"}],"about":[{"href":"http:\/\/gulizogretmen.com\/index.php\/wp-json\/wp\/v2\/types\/page"}],"author":[{"embeddable":true,"href":"http:\/\/gulizogretmen.com\/index.php\/wp-json\/wp\/v2\/users\/1"}],"replies":[{"embeddable":true,"href":"http:\/\/gulizogretmen.com\/index.php\/wp-json\/wp\/v2\/comments?post=19"}],"version-history":[{"count":20,"href":"http:\/\/gulizogretmen.com\/index.php\/wp-json\/wp\/v2\/pages\/19\/revisions"}],"predecessor-version":[{"id":5288,"href":"http:\/\/gulizogretmen.com\/index.php\/wp-json\/wp\/v2\/pages\/19\/revisions\/5288"}],"wp:attachment":[{"href":"http:\/\/gulizogretmen.com\/index.php\/wp-json\/wp\/v2\/media?parent=19"}],"curies":[{"name":"wp","href":"https:\/\/api.w.org\/{rel}","templated":true}]}}