{"id":1028,"date":"2016-02-09T07:04:38","date_gmt":"2016-02-09T07:04:38","guid":{"rendered":"http:\/\/smartyschool.stylemixthemes.com\/?page_id=1028"},"modified":"2020-07-08T15:06:02","modified_gmt":"2020-07-08T12:06:02","slug":"classes","status":"publish","type":"page","link":"http:\/\/gulizogretmen.com\/index.php\/classes\/","title":{"rendered":"Dersler"},"content":{"rendered":"<p>[vc_row full_width=&#8221;stretch_row_content_no_spaces&#8221; css=&#8221;.vc_custom_1594209962573{margin-top: 80px !important;margin-bottom: 70px !important;}&#8221;][vc_column][stm_courses courses_category=&#8221;beforeafter-school&#8221;][vc_tta_tabs stm_tabs_style=&#8221;style-2&#8243; shape=&#8221;square&#8221; active_section=&#8221;1&#8243; style=&#8221;flat&#8221; color=&#8221;pink&#8221; el_class=&#8221;classes-box-tabs&#8221;][vc_tta_section title=&#8221;Hepsi&#8221; tab_id=&#8221;1475496679279-88fdd69c-4c6b&#8221;][stm_courses courses_category=&#8221;0&#8243; courses_count=&#8221;6&#8243;][\/vc_tta_section][vc_tta_section title=&#8221;\u0130ngilizce&#8221; tab_id=&#8221;1475496679364-ef73478a-f23f&#8221;][stm_courses courses_category=&#8221;ingilizce&#8221;][\/vc_tta_section][vc_tta_section title=&#8221;Okul \u00d6ncesi \u0130lk\u00f6\u011fretim Haz\u0131rl\u0131k&#8221; tab_id=&#8221;1475499678497-56c7482f-0f0d&#8221;][stm_courses courses_category=&#8221;okul-oncesi-ilkogretim-hazirlik&#8221;][\/vc_tta_section][vc_tta_section title=&#8221;Sosyal Aktiviteler&#8221; tab_id=&#8221;1475499701852-65763004-a30a&#8221;][stm_courses courses_category=&#8221;sosyal-aktiviteler&#8221;][\/vc_tta_section][vc_tta_section title=&#8221;Sanat At\u00f6lyesi&#8221; tab_id=&#8221;1475499723955-514856b7-eb31&#8243;][stm_courses courses_category=&#8221;sanat-atolyesi&#8221;][\/vc_tta_section][vc_tta_section title=&#8221;M\u00fczik Etkinlikleri&#8221; tab_id=&#8221;1594209647624-bda19493-16ed&#8221;][stm_courses courses_category=&#8221;muzik-etkinlikleri&#8221;][\/vc_tta_section][vc_tta_section title=&#8221;Serbest Zaman&#8221; tab_id=&#8221;1594209671162-6c67f7a4-2b04&#8243;][stm_courses courses_category=&#8221;serbest-zaman&#8221;][\/vc_tta_section][vc_tta_section title=&#8221;E\u011flenceli Bilim&#8221; tab_id=&#8221;1594209687062-b514a807-399f&#8221;][stm_courses courses_category=&#8221;eglenceli-bilim&#8221;][\/vc_tta_section][vc_tta_section title=&#8221;Matematik Oyunlar\u0131&#8221; tab_id=&#8221;1594209705580-c089f6a6-462a&#8221;][stm_courses courses_category=&#8221;matematik-oyunlari&#8221;][\/vc_tta_section][vc_tta_section title=&#8221;Yarat\u0131c\u0131l\u0131k At\u00f6lyesi&#8221; tab_id=&#8221;1594209729539-4be0d8b9-c54b&#8221;][stm_courses courses_category=&#8221;yaraticilik-atolyesi&#8221;][\/vc_tta_section][vc_tta_section title=&#8221;Dans&#8221; tab_id=&#8221;1594209784274-7d26b7c4-9304&#8243;][stm_courses courses_category=&#8221;dans&#8221;][\/vc_tta_section][vc_tta_section title=&#8221;Beceri Koordinasyonu&#8221; tab_id=&#8221;1594209766571-53a66df2-e57e&#8221;][stm_courses courses_category=&#8221;beceri-koordinasyonu&#8221;][\/vc_tta_section][vc_tta_section title=&#8221;Ana Dil Etkinlikleri&#8221; tab_id=&#8221;1594209748148-f788d0d1-962c&#8221;][stm_courses courses_category=&#8221;ana-dil-etkinlikleri&#8221;][\/vc_tta_section][vc_tta_section title=&#8221;Beden E\u011fitimi&#8221; tab_id=&#8221;1594209832873-4e3cf9e1-089d&#8221;][stm_courses courses_category=&#8221;beden-egitimi&#8221;][\/vc_tta_section][vc_tta_section title=&#8221;Teknoloji&#8221; tab_id=&#8221;1594209852962-5397376d-c0ca&#8221;][stm_courses courses_category=&#8221;teknoloji&#8221;][\/vc_tta_section][vc_tta_section title=&#8221;Drama&#8221; tab_id=&#8221;1594209871775-631c0160-380b&#8221;][stm_courses courses_category=&#8221;drama&#8221;][\/vc_tta_section][vc_tta_section title=&#8221;Bah\u00e7e Etkinlikleri&#8221; tab_id=&#8221;1594209888990-535aa5cf-e436&#8243;][stm_courses courses_category=&#8221;bahce-etkinlikleri&#8221;][\/vc_tta_section][vc_tta_section title=&#8221;Mutfak Etkinlikleri&#8221; tab_id=&#8221;1594209904680-48925acd-e8ab&#8221;][stm_courses courses_category=&#8221;mutfak-etkinlikleri&#8221;][\/vc_tta_section][\/vc_tta_tabs][\/vc_column][\/vc_row]<\/p>\n","protected":false},"excerpt":{"rendered":"<p>[vc_row full_width=&#8221;stretch_row_content_no_spaces&#8221; css=&#8221;.vc_custom_1594209962573{margin-top: 80px !important;margin-bottom: 70px !important;}&#8221;][vc_column][stm_courses courses_category=&#8221;beforeafter-school&#8221;][vc_tta_tabs stm_tabs_style=&#8221;style-2&#8243; shape=&#8221;square&#8221; active_section=&#8221;1&#8243; style=&#8221;flat&#8221; color=&#8221;pink&#8221; el_class=&#8221;classes-box-tabs&#8221;][vc_tta_section title=&#8221;Hepsi&#8221; tab_id=&#8221;1475496679279-88fdd69c-4c6b&#8221;][stm_courses courses_category=&#8221;0&#8243; courses_count=&#8221;6&#8243;][\/vc_tta_section][vc_tta_section title=&#8221;\u0130ngilizce&#8221; tab_id=&#8221;1475496679364-ef73478a-f23f&#8221;][stm_courses courses_category=&#8221;ingilizce&#8221;][\/vc_tta_section][vc_tta_section title=&#8221;Okul \u00d6ncesi \u0130lk\u00f6\u011fretim Haz\u0131rl\u0131k&#8221; tab_id=&#8221;1475499678497-56c7482f-0f0d&#8221;][stm_courses courses_category=&#8221;okul-oncesi-ilkogretim-hazirlik&#8221;][\/vc_tta_section][vc_tta_section title=&#8221;Sosyal Aktiviteler&#8221; tab_id=&#8221;1475499701852-65763004-a30a&#8221;][stm_courses courses_category=&#8221;sosyal-aktiviteler&#8221;][\/vc_tta_section][vc_tta_section title=&#8221;Sanat At\u00f6lyesi&#8221; tab_id=&#8221;1475499723955-514856b7-eb31&#8243;][stm_courses courses_category=&#8221;sanat-atolyesi&#8221;][\/vc_tta_section][vc_tta_section title=&#8221;M\u00fczik Etkinlikleri&#8221; tab_id=&#8221;1594209647624-bda19493-16ed&#8221;][stm_courses courses_category=&#8221;muzik-etkinlikleri&#8221;][\/vc_tta_section][vc_tta_section title=&#8221;Serbest Zaman&#8221; tab_id=&#8221;1594209671162-6c67f7a4-2b04&#8243;][stm_courses courses_category=&#8221;serbest-zaman&#8221;][\/vc_tta_section][vc_tta_section title=&#8221;E\u011flenceli Bilim&#8221; tab_id=&#8221;1594209687062-b514a807-399f&#8221;][stm_courses courses_category=&#8221;eglenceli-bilim&#8221;][\/vc_tta_section][vc_tta_section title=&#8221;Matematik Oyunlar\u0131&#8221; tab_id=&#8221;1594209705580-c089f6a6-462a&#8221;][stm_courses courses_category=&#8221;matematik-oyunlari&#8221;][\/vc_tta_section][vc_tta_section title=&#8221;Yarat\u0131c\u0131l\u0131k At\u00f6lyesi&#8221; tab_id=&#8221;1594209729539-4be0d8b9-c54b&#8221;][stm_courses courses_category=&#8221;yaraticilik-atolyesi&#8221;][\/vc_tta_section][vc_tta_section [&hellip;]<\/p>\n","protected":false},"author":1,"featured_media":0,"parent":0,"menu_order":0,"comment_status":"closed","ping_status":"closed","template":"","meta":{"footnotes":""},"_links":{"self":[{"href":"http:\/\/gulizogretmen.com\/index.php\/wp-json\/wp\/v2\/pages\/1028"}],"collection":[{"href":"http:\/\/gulizogretmen.com\/index.php\/wp-json\/wp\/v2\/pages"}],"about":[{"href":"http:\/\/gulizogretmen.com\/index.php\/wp-json\/wp\/v2\/types\/page"}],"author":[{"embeddable":true,"href":"http:\/\/gulizogretmen.com\/index.php\/wp-json\/wp\/v2\/users\/1"}],"replies":[{"embeddable":true,"href":"http:\/\/gulizogretmen.com\/index.php\/wp-json\/wp\/v2\/comments?post=1028"}],"version-history":[{"count":18,"href":"http:\/\/gulizogretmen.com\/index.php\/wp-json\/wp\/v2\/pages\/1028\/revisions"}],"predecessor-version":[{"id":4999,"href":"http:\/\/gulizogretmen.com\/index.php\/wp-json\/wp\/v2\/pages\/1028\/revisions\/4999"}],"wp:attachment":[{"href":"http:\/\/gulizogretmen.com\/index.php\/wp-json\/wp\/v2\/media?parent=1028"}],"curies":[{"name":"wp","href":"https:\/\/api.w.org\/{rel}","templated":true}]}}